{"id":1215,"date":"2022-05-04T22:49:29","date_gmt":"2022-05-05T02:49:29","guid":{"rendered":"https:\/\/westgroup.chem.ualberta.ca\/?page_id=1215"},"modified":"2022-05-04T22:53:03","modified_gmt":"2022-05-05T02:53:03","slug":"santo","status":"publish","type":"page","link":"https:\/\/westgroup.chem.ualberta.ca\/index.php\/santo\/","title":{"rendered":"Santo"},"content":{"rendered":"<p><img fetchpriority=\"high\" decoding=\"async\" src=\"https:\/\/westgroup.chem.ualberta.ca\/wp-content\/uploads\/2022\/05\/Picture1-286x300.jpg\" alt=\"\" width=\"286\" height=\"300\"><\/p>\n<p><strong>Dr. <\/strong><strong>Rafael Dias do Esp\u00edrito Santo<\/strong><\/p>\n<p>Year: 2022<\/p>\n<p><strong>BSc:<\/strong> University of Sao Paulo State \u2013 UNESP (2010)<\/p>\n<p><strong>MSc:<\/strong> University of Sao Paulo State \u2013 UNESP (2013) &#8211; <em>Science and Technology of Materials \u2013 Organic Chemistry<\/em><\/p>\n<p><strong>PhD:<\/strong> University of Sao Paulo State \u2013 UNESP (2017) &#8211; <em>Science and Technology of Materials \u2013 Organic Chemistry<\/em><\/p>\n<p><strong>Postdoctoral Research Fellow:<\/strong> Campinas State University &#8211; UNICAMP (2017 \u2013 2019) \u2013 <em>Organic Chemistry\/Medicinal Chemistry<\/em><\/p>\n<p><strong>Postdoctoral Research Fellow:<\/strong> Campinas State University \u2013 UNICAMP (2020 \u2013 2021) \u2013 <em>Organic Chemistry\/Medicinal Chemistry<\/em><\/p>\n<p><strong>Postdoctoral Research Fellow:<\/strong> Microbiol\u00f3gica Qu\u00edmica e Farmac\u00eautica LTDA \u2013 (2021) &#8211; <em>Organic Chemistry\/Medicinal Chemistry<\/em><\/p>\n<p><strong>Contact:<\/strong> diasdoes@ualberta.ca<\/p>\n","protected":false},"excerpt":{"rendered":"<p>Dr. Rafael Dias do Esp\u00edrito Santo Year: 2022 BSc: University of Sao Paulo State \u2013 UNESP (2010) MSc: University of Sao Paulo State \u2013 UNESP (2013) &#8211; Science and Technology of Materials \u2013 Organic Chemistry PhD: University of Sao Paulo State \u2013 UNESP (2017) &#8211; Science and Technology of Materials [&hellip;]<\/p>\n","protected":false},"author":3,"featured_media":0,"parent":0,"menu_order":0,"comment_status":"closed","ping_status":"closed","template":"page-templates\/template-pagebuilder-full-width.php","meta":{"ngg_post_thumbnail":0,"footnotes":""},"class_list":["post-1215","page","type-page","status-publish","hentry"],"_links":{"self":[{"href":"https:\/\/westgroup.chem.ualberta.ca\/index.php\/wp-json\/wp\/v2\/pages\/1215","targetHints":{"allow":["GET"]}}],"collection":[{"href":"https:\/\/westgroup.chem.ualberta.ca\/index.php\/wp-json\/wp\/v2\/pages"}],"about":[{"href":"https:\/\/westgroup.chem.ualberta.ca\/index.php\/wp-json\/wp\/v2\/types\/page"}],"author":[{"embeddable":true,"href":"https:\/\/westgroup.chem.ualberta.ca\/index.php\/wp-json\/wp\/v2\/users\/3"}],"replies":[{"embeddable":true,"href":"https:\/\/westgroup.chem.ualberta.ca\/index.php\/wp-json\/wp\/v2\/comments?post=1215"}],"version-history":[{"count":4,"href":"https:\/\/westgroup.chem.ualberta.ca\/index.php\/wp-json\/wp\/v2\/pages\/1215\/revisions"}],"predecessor-version":[{"id":1225,"href":"https:\/\/westgroup.chem.ualberta.ca\/index.php\/wp-json\/wp\/v2\/pages\/1215\/revisions\/1225"}],"wp:attachment":[{"href":"https:\/\/westgroup.chem.ualberta.ca\/index.php\/wp-json\/wp\/v2\/media?parent=1215"}],"curies":[{"name":"wp","href":"https:\/\/api.w.org\/{rel}","templated":true}]}}